{"id":72,"date":"2026-01-03T18:50:23","date_gmt":"2026-01-03T18:50:23","guid":{"rendered":"https:\/\/deni-climatique.fr\/?page_id=72"},"modified":"2026-02-19T17:03:04","modified_gmt":"2026-02-19T16:03:04","slug":"qui-suis-je","status":"publish","type":"page","link":"https:\/\/deni-climatique.fr\/index.php\/qui-suis-je\/","title":{"rendered":"Qui suis-je ?"},"content":{"rendered":"\n<p style=\"font-size:1.2em\"><strong>Jules X\u00e9nard<\/strong>, journaliste ind\u00e9pendant.<\/p>\n\n\n\n<p style=\"font-size:1.2em\">Je m&rsquo;int\u00e9resse depuis une dizaine d&rsquo;ann\u00e9es \u00e0 la question du changement climatique. J&rsquo;ai travaill\u00e9 sur d&rsquo;autres sujets avec Mediapart, Reflets.info et les \u00e9ditions Goutte d&rsquo;Or. Je suis \u00e9galement contributeur b\u00e9n\u00e9vole \u00e0 Wikip\u00e9dia.<\/p>\n\n\n\n<p style=\"font-size:1.2em\">Pour me contacter : contact@deni-climatique.fr<\/p>\n\n\n\n<div class=\"wp-block-columns is-layout-flex wp-container-core-columns-is-layout-28f84493 wp-block-columns-is-layout-flex\">\n<div class=\"wp-block-column is-layout-flow wp-block-column-is-layout-flow\" style=\"flex-basis:100%\">\n<p style=\"font-size:1.2em\">J&rsquo;ai consacr\u00e9 plusieurs mois de travail (non r\u00e9mun\u00e9r\u00e9) \u00e0 la carto du d\u00e9ni. J&rsquo;ai d\u00e9cid\u00e9 d&rsquo;y donner acc\u00e8s gratuitement pour qu&rsquo;elle b\u00e9n\u00e9ficie au plus grand nombre et je continue \u00e0 la mettre \u00e0 jour. Si ce travail vous est utile, vous pouvez le soutenir en me faisant un don, qui sera tr\u00e8s appr\u00e9ci\u00e9.<\/p>\n<\/div>\n<\/div>\n\n\n","protected":false},"excerpt":{"rendered":"<p>Jules X\u00e9nard, journaliste ind\u00e9pendant. Je m&rsquo;int\u00e9resse depuis une dizaine d&rsquo;ann\u00e9es \u00e0 la question du changement climatique. J&rsquo;ai travaill\u00e9 sur d&rsquo;autres sujets avec Mediapart, Reflets.info et les \u00e9ditions Goutte d&rsquo;Or. Je suis \u00e9galement contributeur b\u00e9n\u00e9vole \u00e0 Wikip\u00e9dia. Pour me contacter : contact@deni-climatique.fr J&rsquo;ai consacr\u00e9 plusieurs mois de travail (non r\u00e9mun\u00e9r\u00e9) \u00e0 la carto du d\u00e9ni. J&rsquo;ai [&hellip;]<\/p>\n","protected":false},"author":1,"featured_media":0,"parent":0,"menu_order":0,"comment_status":"closed","ping_status":"closed","template":"","meta":{"saved_in_kubio":true,"footnotes":""},"class_list":["post-72","page","type-page","status-publish","hentry"],"kubio_ai_page_context":{"short_desc":"","purpose":"general"},"yoast_head":"<!-- This site is optimized with the Yoast SEO plugin v27.3 - https:\/\/yoast.com\/product\/yoast-seo-wordpress\/ -->\n<title>Qui suis-je ? &#8211; La carto du d\u00e9ni climatique<\/title>\n<meta name=\"robots\" content=\"index, follow, max-snippet:-1, max-image-preview:large, max-video-preview:-1\" \/>\n<link rel=\"canonical\" href=\"https:\/\/deni-climatique.fr\/index.php\/qui-suis-je\/\" \/>\n<meta property=\"og:locale\" content=\"fr_FR\" \/>\n<meta property=\"og:type\" content=\"article\" \/>\n<meta property=\"og:title\" content=\"Qui suis-je ? &#8211; La carto du d\u00e9ni climatique\" \/>\n<meta property=\"og:description\" content=\"Jules X\u00e9nard, journaliste ind\u00e9pendant. Je m&rsquo;int\u00e9resse depuis une dizaine d&rsquo;ann\u00e9es \u00e0 la question du changement climatique. J&rsquo;ai travaill\u00e9 sur d&rsquo;autres sujets avec Mediapart, Reflets.info et les \u00e9ditions Goutte d&rsquo;Or. Je suis \u00e9galement contributeur b\u00e9n\u00e9vole \u00e0 Wikip\u00e9dia. Pour me contacter : contact@deni-climatique.fr J&rsquo;ai consacr\u00e9 plusieurs mois de travail (non r\u00e9mun\u00e9r\u00e9) \u00e0 la carto du d\u00e9ni. J&rsquo;ai [&hellip;]\" \/>\n<meta property=\"og:url\" content=\"https:\/\/deni-climatique.fr\/index.php\/qui-suis-je\/\" \/>\n<meta property=\"og:site_name\" content=\"La carto du d\u00e9ni climatique\" \/>\n<meta property=\"article:modified_time\" content=\"2026-02-19T16:03:04+00:00\" \/>\n<meta property=\"og:image\" content=\"https:\/\/www.paypalobjects.com\/paypal-ui\/logos\/svg\/paypal-wordmark-color.svg\" \/>\n<meta name=\"twitter:card\" content=\"summary_large_image\" \/>\n<meta name=\"twitter:label1\" content=\"Dur\u00e9e de lecture estim\u00e9e\" \/>\n\t<meta name=\"twitter:data1\" content=\"1 minute\" \/>\n<script type=\"application\/ld+json\" class=\"yoast-schema-graph\">{\"@context\":\"https:\\\/\\\/schema.org\",\"@graph\":[{\"@type\":\"WebPage\",\"@id\":\"https:\\\/\\\/deni-climatique.fr\\\/index.php\\\/qui-suis-je\\\/\",\"url\":\"https:\\\/\\\/deni-climatique.fr\\\/index.php\\\/qui-suis-je\\\/\",\"name\":\"Qui suis-je ? &#8211; La carto du d\u00e9ni climatique\",\"isPartOf\":{\"@id\":\"https:\\\/\\\/deni-climatique.fr\\\/#website\"},\"primaryImageOfPage\":{\"@id\":\"https:\\\/\\\/deni-climatique.fr\\\/index.php\\\/qui-suis-je\\\/#primaryimage\"},\"image\":{\"@id\":\"https:\\\/\\\/deni-climatique.fr\\\/index.php\\\/qui-suis-je\\\/#primaryimage\"},\"thumbnailUrl\":\"https:\\\/\\\/www.paypalobjects.com\\\/paypal-ui\\\/logos\\\/svg\\\/paypal-wordmark-color.svg\",\"datePublished\":\"2026-01-03T18:50:23+00:00\",\"dateModified\":\"2026-02-19T16:03:04+00:00\",\"breadcrumb\":{\"@id\":\"https:\\\/\\\/deni-climatique.fr\\\/index.php\\\/qui-suis-je\\\/#breadcrumb\"},\"inLanguage\":\"fr-FR\",\"potentialAction\":[{\"@type\":\"ReadAction\",\"target\":[\"https:\\\/\\\/deni-climatique.fr\\\/index.php\\\/qui-suis-je\\\/\"]}]},{\"@type\":\"ImageObject\",\"inLanguage\":\"fr-FR\",\"@id\":\"https:\\\/\\\/deni-climatique.fr\\\/index.php\\\/qui-suis-je\\\/#primaryimage\",\"url\":\"https:\\\/\\\/www.paypalobjects.com\\\/paypal-ui\\\/logos\\\/svg\\\/paypal-wordmark-color.svg\",\"contentUrl\":\"https:\\\/\\\/www.paypalobjects.com\\\/paypal-ui\\\/logos\\\/svg\\\/paypal-wordmark-color.svg\"},{\"@type\":\"BreadcrumbList\",\"@id\":\"https:\\\/\\\/deni-climatique.fr\\\/index.php\\\/qui-suis-je\\\/#breadcrumb\",\"itemListElement\":[{\"@type\":\"ListItem\",\"position\":1,\"name\":\"Accueil\",\"item\":\"https:\\\/\\\/deni-climatique.fr\\\/\"},{\"@type\":\"ListItem\",\"position\":2,\"name\":\"Qui suis-je ?\"}]},{\"@type\":\"WebSite\",\"@id\":\"https:\\\/\\\/deni-climatique.fr\\\/#website\",\"url\":\"https:\\\/\\\/deni-climatique.fr\\\/\",\"name\":\"La carto du d\u00e9ni climatique\",\"description\":\"Cartographier la d\u00e9sinformation climatique\",\"potentialAction\":[{\"@type\":\"SearchAction\",\"target\":{\"@type\":\"EntryPoint\",\"urlTemplate\":\"https:\\\/\\\/deni-climatique.fr\\\/?s={search_term_string}\"},\"query-input\":{\"@type\":\"PropertyValueSpecification\",\"valueRequired\":true,\"valueName\":\"search_term_string\"}}],\"inLanguage\":\"fr-FR\"}]}<\/script>\n<!-- \/ Yoast SEO plugin. -->","yoast_head_json":{"title":"Qui suis-je ? &#8211; La carto du d\u00e9ni climatique","robots":{"index":"index","follow":"follow","max-snippet":"max-snippet:-1","max-image-preview":"max-image-preview:large","max-video-preview":"max-video-preview:-1"},"canonical":"https:\/\/deni-climatique.fr\/index.php\/qui-suis-je\/","og_locale":"fr_FR","og_type":"article","og_title":"Qui suis-je ? &#8211; La carto du d\u00e9ni climatique","og_description":"Jules X\u00e9nard, journaliste ind\u00e9pendant. Je m&rsquo;int\u00e9resse depuis une dizaine d&rsquo;ann\u00e9es \u00e0 la question du changement climatique. J&rsquo;ai travaill\u00e9 sur d&rsquo;autres sujets avec Mediapart, Reflets.info et les \u00e9ditions Goutte d&rsquo;Or. Je suis \u00e9galement contributeur b\u00e9n\u00e9vole \u00e0 Wikip\u00e9dia. Pour me contacter : contact@deni-climatique.fr J&rsquo;ai consacr\u00e9 plusieurs mois de travail (non r\u00e9mun\u00e9r\u00e9) \u00e0 la carto du d\u00e9ni. J&rsquo;ai [&hellip;]","og_url":"https:\/\/deni-climatique.fr\/index.php\/qui-suis-je\/","og_site_name":"La carto du d\u00e9ni climatique","article_modified_time":"2026-02-19T16:03:04+00:00","og_image":[{"url":"https:\/\/www.paypalobjects.com\/paypal-ui\/logos\/svg\/paypal-wordmark-color.svg","type":"","width":"","height":""}],"twitter_card":"summary_large_image","twitter_misc":{"Dur\u00e9e de lecture estim\u00e9e":"1 minute"},"schema":{"@context":"https:\/\/schema.org","@graph":[{"@type":"WebPage","@id":"https:\/\/deni-climatique.fr\/index.php\/qui-suis-je\/","url":"https:\/\/deni-climatique.fr\/index.php\/qui-suis-je\/","name":"Qui suis-je ? &#8211; La carto du d\u00e9ni climatique","isPartOf":{"@id":"https:\/\/deni-climatique.fr\/#website"},"primaryImageOfPage":{"@id":"https:\/\/deni-climatique.fr\/index.php\/qui-suis-je\/#primaryimage"},"image":{"@id":"https:\/\/deni-climatique.fr\/index.php\/qui-suis-je\/#primaryimage"},"thumbnailUrl":"https:\/\/www.paypalobjects.com\/paypal-ui\/logos\/svg\/paypal-wordmark-color.svg","datePublished":"2026-01-03T18:50:23+00:00","dateModified":"2026-02-19T16:03:04+00:00","breadcrumb":{"@id":"https:\/\/deni-climatique.fr\/index.php\/qui-suis-je\/#breadcrumb"},"inLanguage":"fr-FR","potentialAction":[{"@type":"ReadAction","target":["https:\/\/deni-climatique.fr\/index.php\/qui-suis-je\/"]}]},{"@type":"ImageObject","inLanguage":"fr-FR","@id":"https:\/\/deni-climatique.fr\/index.php\/qui-suis-je\/#primaryimage","url":"https:\/\/www.paypalobjects.com\/paypal-ui\/logos\/svg\/paypal-wordmark-color.svg","contentUrl":"https:\/\/www.paypalobjects.com\/paypal-ui\/logos\/svg\/paypal-wordmark-color.svg"},{"@type":"BreadcrumbList","@id":"https:\/\/deni-climatique.fr\/index.php\/qui-suis-je\/#breadcrumb","itemListElement":[{"@type":"ListItem","position":1,"name":"Accueil","item":"https:\/\/deni-climatique.fr\/"},{"@type":"ListItem","position":2,"name":"Qui suis-je ?"}]},{"@type":"WebSite","@id":"https:\/\/deni-climatique.fr\/#website","url":"https:\/\/deni-climatique.fr\/","name":"La carto du d\u00e9ni climatique","description":"Cartographier la d\u00e9sinformation climatique","potentialAction":[{"@type":"SearchAction","target":{"@type":"EntryPoint","urlTemplate":"https:\/\/deni-climatique.fr\/?s={search_term_string}"},"query-input":{"@type":"PropertyValueSpecification","valueRequired":true,"valueName":"search_term_string"}}],"inLanguage":"fr-FR"}]}},"_links":{"self":[{"href":"https:\/\/deni-climatique.fr\/index.php\/wp-json\/wp\/v2\/pages\/72","targetHints":{"allow":["GET"]}}],"collection":[{"href":"https:\/\/deni-climatique.fr\/index.php\/wp-json\/wp\/v2\/pages"}],"about":[{"href":"https:\/\/deni-climatique.fr\/index.php\/wp-json\/wp\/v2\/types\/page"}],"author":[{"embeddable":true,"href":"https:\/\/deni-climatique.fr\/index.php\/wp-json\/wp\/v2\/users\/1"}],"replies":[{"embeddable":true,"href":"https:\/\/deni-climatique.fr\/index.php\/wp-json\/wp\/v2\/comments?post=72"}],"version-history":[{"count":21,"href":"https:\/\/deni-climatique.fr\/index.php\/wp-json\/wp\/v2\/pages\/72\/revisions"}],"predecessor-version":[{"id":269,"href":"https:\/\/deni-climatique.fr\/index.php\/wp-json\/wp\/v2\/pages\/72\/revisions\/269"}],"wp:attachment":[{"href":"https:\/\/deni-climatique.fr\/index.php\/wp-json\/wp\/v2\/media?parent=72"}],"curies":[{"name":"wp","href":"https:\/\/api.w.org\/{rel}","templated":true}]}}